{"id":6186,"date":"2017-02-22T14:04:44","date_gmt":"2017-02-22T14:04:44","guid":{"rendered":"https:\/\/mivelezmalaga.com\/?page_id=6186"},"modified":"2024-02-08T15:25:41","modified_gmt":"2024-02-08T14:25:41","slug":"estate-agents","status":"publish","type":"page","link":"https:\/\/mivelezmalaga.com\/es\/tiendas-y-negocios\/estate-agents\/","title":{"rendered":"Inmobiliarias"},"content":{"rendered":"\n<p>La propiedad en V\u00e9lez es una de las m\u00e1s asequibles y atractivas de todo el sur de Espa\u00f1a. Tanto si buscas una bonita casa antigua en venta como un moderno y elegante piso en alquiler, a continuaci\u00f3n te presentamos una selecci\u00f3n de las mejores agencias inmobiliarias de V\u00e9lez-M\u00e1laga para ayudarte a encontrarlo.<\/p>\n","protected":false},"excerpt":{"rendered":"<p>La propiedad en V\u00e9lez es una de las m\u00e1s asequibles y atractivas de todo el sur de Espa\u00f1a. Tanto si buscas una bonita casa antigua en venta como un moderno y elegante piso en alquiler, a continuaci\u00f3n te presentamos una selecci\u00f3n de las mejores agencias inmobiliarias de V\u00e9lez-M\u00e1laga para ayudarte a encontrarlo.<\/p>\n","protected":false},"author":2,"featured_media":4372,"parent":3678,"menu_order":0,"comment_status":"closed","ping_status":"closed","template":"page-businesses.php","meta":{"_acf_changed":false,"footnotes":""},"class_list":["post-6186","page","type-page","status-publish","has-post-thumbnail","hentry"],"acf":[],"yoast_head":"<!-- This site is optimized with the Yoast SEO plugin v27.3 - https:\/\/yoast.com\/product\/yoast-seo-wordpress\/ -->\n<title>Las mejores Inmobiliarias en V\u00e9lez-M\u00e1laga<\/title>\n<meta name=\"description\" content=\"\u00bfEst\u00e1 pensando en alquilar o comprar una vivienda en V\u00e9lez-M\u00e1laga? Consulte nuestra completa selecci\u00f3n de las mejores agencias inmobiliarias de la ciudad.\" \/>\n<meta name=\"robots\" content=\"index, follow, max-snippet:-1, max-image-preview:large, max-video-preview:-1\" \/>\n<link rel=\"canonical\" href=\"https:\/\/mivelezmalaga.com\/es\/tiendas-y-negocios\/estate-agents\/\" \/>\n<meta property=\"og:locale\" content=\"es_ES\" \/>\n<meta property=\"og:type\" content=\"article\" \/>\n<meta property=\"og:title\" content=\"Las mejores Inmobiliarias en V\u00e9lez-M\u00e1laga\" \/>\n<meta property=\"og:description\" content=\"\u00bfEst\u00e1 pensando en alquilar o comprar una vivienda en V\u00e9lez-M\u00e1laga? Consulte nuestra completa selecci\u00f3n de las mejores agencias inmobiliarias de la ciudad.\" \/>\n<meta property=\"og:url\" content=\"https:\/\/mivelezmalaga.com\/es\/tiendas-y-negocios\/estate-agents\/\" \/>\n<meta property=\"og:site_name\" content=\"Mi Velez-Malaga\" \/>\n<meta property=\"article:publisher\" content=\"https:\/\/www.facebook.com\/mivelezmalaga\/\" \/>\n<meta property=\"article:modified_time\" content=\"2024-02-08T14:25:41+00:00\" \/>\n<meta property=\"og:image\" content=\"https:\/\/mivelezmalaga.com\/wp-content\/uploads\/2016\/12\/estate-agents-feature-0image-e1490349820321.jpg\" \/>\n\t<meta property=\"og:image:width\" content=\"400\" \/>\n\t<meta property=\"og:image:height\" content=\"250\" \/>\n\t<meta property=\"og:image:type\" content=\"image\/jpeg\" \/>\n<meta name=\"twitter:card\" content=\"summary_large_image\" \/>\n<meta name=\"twitter:site\" content=\"@MiVelezMalaga\" \/>\n<meta name=\"twitter:label1\" content=\"Est. reading time\" \/>\n\t<meta name=\"twitter:data1\" content=\"2 minutes\" \/>\n<script type=\"application\/ld+json\" class=\"yoast-schema-graph\">{\"@context\":\"https:\\\/\\\/schema.org\",\"@graph\":[{\"@type\":\"WebPage\",\"@id\":\"https:\\\/\\\/mivelezmalaga.com\\\/es\\\/tiendas-y-negocios\\\/estate-agents\\\/\",\"url\":\"https:\\\/\\\/mivelezmalaga.com\\\/es\\\/tiendas-y-negocios\\\/estate-agents\\\/\",\"name\":\"Las mejores Inmobiliarias en V\u00e9lez-M\u00e1laga\",\"isPartOf\":{\"@id\":\"https:\\\/\\\/mivelezmalaga.com\\\/es\\\/#website\"},\"primaryImageOfPage\":{\"@id\":\"https:\\\/\\\/mivelezmalaga.com\\\/es\\\/tiendas-y-negocios\\\/estate-agents\\\/#primaryimage\"},\"image\":{\"@id\":\"https:\\\/\\\/mivelezmalaga.com\\\/es\\\/tiendas-y-negocios\\\/estate-agents\\\/#primaryimage\"},\"thumbnailUrl\":\"https:\\\/\\\/mivelezmalaga.com\\\/wp-content\\\/uploads\\\/2016\\\/12\\\/estate-agents-feature-0image-e1490349820321.jpg\",\"datePublished\":\"2017-02-22T14:04:44+00:00\",\"dateModified\":\"2024-02-08T14:25:41+00:00\",\"description\":\"\u00bfEst\u00e1 pensando en alquilar o comprar una vivienda en V\u00e9lez-M\u00e1laga? Consulte nuestra completa selecci\u00f3n de las mejores agencias inmobiliarias de la ciudad.\",\"breadcrumb\":{\"@id\":\"https:\\\/\\\/mivelezmalaga.com\\\/es\\\/tiendas-y-negocios\\\/estate-agents\\\/#breadcrumb\"},\"inLanguage\":\"es-ES\",\"potentialAction\":[{\"@type\":\"ReadAction\",\"target\":[\"https:\\\/\\\/mivelezmalaga.com\\\/es\\\/tiendas-y-negocios\\\/estate-agents\\\/\"]}]},{\"@type\":\"ImageObject\",\"inLanguage\":\"es-ES\",\"@id\":\"https:\\\/\\\/mivelezmalaga.com\\\/es\\\/tiendas-y-negocios\\\/estate-agents\\\/#primaryimage\",\"url\":\"https:\\\/\\\/mivelezmalaga.com\\\/wp-content\\\/uploads\\\/2016\\\/12\\\/estate-agents-feature-0image-e1490349820321.jpg\",\"contentUrl\":\"https:\\\/\\\/mivelezmalaga.com\\\/wp-content\\\/uploads\\\/2016\\\/12\\\/estate-agents-feature-0image-e1490349820321.jpg\",\"width\":400,\"height\":250},{\"@type\":\"BreadcrumbList\",\"@id\":\"https:\\\/\\\/mivelezmalaga.com\\\/es\\\/tiendas-y-negocios\\\/estate-agents\\\/#breadcrumb\",\"itemListElement\":[{\"@type\":\"ListItem\",\"position\":1,\"name\":\"Home\",\"item\":\"https:\\\/\\\/mivelezmalaga.com\\\/es\\\/\"},{\"@type\":\"ListItem\",\"position\":2,\"name\":\"Tiendas y negocios\",\"item\":\"https:\\\/\\\/mivelezmalaga.com\\\/es\\\/tiendas-y-negocios\\\/\"},{\"@type\":\"ListItem\",\"position\":3,\"name\":\"Inmobiliarias\"}]},{\"@type\":\"WebSite\",\"@id\":\"https:\\\/\\\/mivelezmalaga.com\\\/es\\\/#website\",\"url\":\"https:\\\/\\\/mivelezmalaga.com\\\/es\\\/\",\"name\":\"Mi Velez-Malaga\",\"description\":\"Welcome to V\u00e9lez\",\"potentialAction\":[{\"@type\":\"SearchAction\",\"target\":{\"@type\":\"EntryPoint\",\"urlTemplate\":\"https:\\\/\\\/mivelezmalaga.com\\\/es\\\/?s={search_term_string}\"},\"query-input\":{\"@type\":\"PropertyValueSpecification\",\"valueRequired\":true,\"valueName\":\"search_term_string\"}}],\"inLanguage\":\"es-ES\"}]}<\/script>\n<!-- \/ Yoast SEO plugin. -->","yoast_head_json":{"title":"Las mejores Inmobiliarias en V\u00e9lez-M\u00e1laga","description":"\u00bfEst\u00e1 pensando en alquilar o comprar una vivienda en V\u00e9lez-M\u00e1laga? Consulte nuestra completa selecci\u00f3n de las mejores agencias inmobiliarias de la ciudad.","robots":{"index":"index","follow":"follow","max-snippet":"max-snippet:-1","max-image-preview":"max-image-preview:large","max-video-preview":"max-video-preview:-1"},"canonical":"https:\/\/mivelezmalaga.com\/es\/tiendas-y-negocios\/estate-agents\/","og_locale":"es_ES","og_type":"article","og_title":"Las mejores Inmobiliarias en V\u00e9lez-M\u00e1laga","og_description":"\u00bfEst\u00e1 pensando en alquilar o comprar una vivienda en V\u00e9lez-M\u00e1laga? Consulte nuestra completa selecci\u00f3n de las mejores agencias inmobiliarias de la ciudad.","og_url":"https:\/\/mivelezmalaga.com\/es\/tiendas-y-negocios\/estate-agents\/","og_site_name":"Mi Velez-Malaga","article_publisher":"https:\/\/www.facebook.com\/mivelezmalaga\/","article_modified_time":"2024-02-08T14:25:41+00:00","og_image":[{"width":400,"height":250,"url":"https:\/\/mivelezmalaga.com\/wp-content\/uploads\/2016\/12\/estate-agents-feature-0image-e1490349820321.jpg","type":"image\/jpeg"}],"twitter_card":"summary_large_image","twitter_site":"@MiVelezMalaga","twitter_misc":{"Est. reading time":"2 minutes"},"schema":{"@context":"https:\/\/schema.org","@graph":[{"@type":"WebPage","@id":"https:\/\/mivelezmalaga.com\/es\/tiendas-y-negocios\/estate-agents\/","url":"https:\/\/mivelezmalaga.com\/es\/tiendas-y-negocios\/estate-agents\/","name":"Las mejores Inmobiliarias en V\u00e9lez-M\u00e1laga","isPartOf":{"@id":"https:\/\/mivelezmalaga.com\/es\/#website"},"primaryImageOfPage":{"@id":"https:\/\/mivelezmalaga.com\/es\/tiendas-y-negocios\/estate-agents\/#primaryimage"},"image":{"@id":"https:\/\/mivelezmalaga.com\/es\/tiendas-y-negocios\/estate-agents\/#primaryimage"},"thumbnailUrl":"https:\/\/mivelezmalaga.com\/wp-content\/uploads\/2016\/12\/estate-agents-feature-0image-e1490349820321.jpg","datePublished":"2017-02-22T14:04:44+00:00","dateModified":"2024-02-08T14:25:41+00:00","description":"\u00bfEst\u00e1 pensando en alquilar o comprar una vivienda en V\u00e9lez-M\u00e1laga? Consulte nuestra completa selecci\u00f3n de las mejores agencias inmobiliarias de la ciudad.","breadcrumb":{"@id":"https:\/\/mivelezmalaga.com\/es\/tiendas-y-negocios\/estate-agents\/#breadcrumb"},"inLanguage":"es-ES","potentialAction":[{"@type":"ReadAction","target":["https:\/\/mivelezmalaga.com\/es\/tiendas-y-negocios\/estate-agents\/"]}]},{"@type":"ImageObject","inLanguage":"es-ES","@id":"https:\/\/mivelezmalaga.com\/es\/tiendas-y-negocios\/estate-agents\/#primaryimage","url":"https:\/\/mivelezmalaga.com\/wp-content\/uploads\/2016\/12\/estate-agents-feature-0image-e1490349820321.jpg","contentUrl":"https:\/\/mivelezmalaga.com\/wp-content\/uploads\/2016\/12\/estate-agents-feature-0image-e1490349820321.jpg","width":400,"height":250},{"@type":"BreadcrumbList","@id":"https:\/\/mivelezmalaga.com\/es\/tiendas-y-negocios\/estate-agents\/#breadcrumb","itemListElement":[{"@type":"ListItem","position":1,"name":"Home","item":"https:\/\/mivelezmalaga.com\/es\/"},{"@type":"ListItem","position":2,"name":"Tiendas y negocios","item":"https:\/\/mivelezmalaga.com\/es\/tiendas-y-negocios\/"},{"@type":"ListItem","position":3,"name":"Inmobiliarias"}]},{"@type":"WebSite","@id":"https:\/\/mivelezmalaga.com\/es\/#website","url":"https:\/\/mivelezmalaga.com\/es\/","name":"Mi Velez-Malaga","description":"Welcome to V\u00e9lez","potentialAction":[{"@type":"SearchAction","target":{"@type":"EntryPoint","urlTemplate":"https:\/\/mivelezmalaga.com\/es\/?s={search_term_string}"},"query-input":{"@type":"PropertyValueSpecification","valueRequired":true,"valueName":"search_term_string"}}],"inLanguage":"es-ES"}]}},"_links":{"self":[{"href":"https:\/\/mivelezmalaga.com\/es\/wp-json\/wp\/v2\/pages\/6186","targetHints":{"allow":["GET"]}}],"collection":[{"href":"https:\/\/mivelezmalaga.com\/es\/wp-json\/wp\/v2\/pages"}],"about":[{"href":"https:\/\/mivelezmalaga.com\/es\/wp-json\/wp\/v2\/types\/page"}],"author":[{"embeddable":true,"href":"https:\/\/mivelezmalaga.com\/es\/wp-json\/wp\/v2\/users\/2"}],"replies":[{"embeddable":true,"href":"https:\/\/mivelezmalaga.com\/es\/wp-json\/wp\/v2\/comments?post=6186"}],"version-history":[{"count":11,"href":"https:\/\/mivelezmalaga.com\/es\/wp-json\/wp\/v2\/pages\/6186\/revisions"}],"predecessor-version":[{"id":8621,"href":"https:\/\/mivelezmalaga.com\/es\/wp-json\/wp\/v2\/pages\/6186\/revisions\/8621"}],"up":[{"embeddable":true,"href":"https:\/\/mivelezmalaga.com\/es\/wp-json\/wp\/v2\/pages\/3678"}],"wp:featuredmedia":[{"embeddable":true,"href":"https:\/\/mivelezmalaga.com\/es\/wp-json\/wp\/v2\/media\/4372"}],"wp:attachment":[{"href":"https:\/\/mivelezmalaga.com\/es\/wp-json\/wp\/v2\/media?parent=6186"}],"curies":[{"name":"wp","href":"https:\/\/api.w.org\/{rel}","templated":true}]}}