{"id":6242,"date":"2019-10-31T10:42:35","date_gmt":"2019-10-31T09:42:35","guid":{"rendered":"https:\/\/mivelezmalaga.com\/?page_id=6242"},"modified":"2024-01-16T10:29:23","modified_gmt":"2024-01-16T09:29:23","slug":"informacion-turistica","status":"publish","type":"page","link":"https:\/\/mivelezmalaga.com\/es\/vivir\/ayuntamiento\/informacion-turistica\/","title":{"rendered":"Informaci\u00f3n Tur\u00edstica"},"content":{"rendered":"\n<p>\u00bfQuiere saber m\u00e1s sobre lo que est\u00e1 sucediendo en V\u00e9lez-M\u00e1laga pero no puede encontrar lo que necesita en l\u00ednea? Hay dos oficinas de informaci\u00f3n tur\u00edstica en V\u00e9lez-M\u00e1laga que tendr\u00e1n toda la informaci\u00f3n que necesita. Estas oficinas deben proporcionar conocimiento local experto sobre alojamiento disponible, los mejores restaurantes para cenar, exhibiciones actuales y m\u00e1s. Solo pregunta.<\/p>\n\n\n\n<h3 class=\"wp-block-heading\">Oficina V\u00e9lez-M\u00e1laga<\/h3>\n\n\n\n<p>\u00bfEn V\u00e9lez ya? Esta es la oficina de informaci\u00f3n tur\u00edstica m\u00e1s peque\u00f1a, pero puede proporcionar toda la informaci\u00f3n que necesita. Est\u00e1 justo dentro de la entrada principal del ayuntamiento.<\/p>\n\n\n\n<p>Direcci\u00f3n: Plaza Carmelitas, 12, V\u00e9lez-M\u00e1laga. Tel: 952 54 11 04. Abierto: lunes a viernes de 09:00 a 14:00. S\u00e1b 17:00 &#8211; 20:00. Dom 10:00 &#8211; 14:00<\/p>\n\n\n\n<h3 class=\"wp-block-heading\">Oficina de Torre del Mar<\/h3>\n\n\n\n<p>\u00bfAcabas de llegar a Torre del Mar y piensas dirigirte a V\u00e9lez? Aqu\u00ed es donde se encuentra la oficina principal. Si tiene su propio autom\u00f3vil, estacione al lado de la oficina por solo 1 euro. Si est\u00e1s en el autob\u00fas, b\u00e1jate en la parada n\u00famero 20.<\/p>\n\n\n\n<p>Direcci\u00f3n: 2 Calle Poniente, Torre del Mar. Tel .: 952 54 11 04. Abierto: lunes a s\u00e1bado 10:00 &#8211; 14:00 y 17:00 &#8211; 21:00. Dom 10:00 &#8211; 14:00<\/p>\n","protected":false},"excerpt":{"rendered":"<p>\u00bfQuiere saber m\u00e1s sobre lo que est\u00e1 sucediendo en V\u00e9lez-M\u00e1laga pero no puede encontrar lo que necesita en l\u00ednea? Hay dos oficinas de informaci\u00f3n tur\u00edstica en V\u00e9lez-M\u00e1laga que tendr\u00e1n toda la informaci\u00f3n que necesita. Estas oficinas deben proporcionar conocimiento local experto sobre alojamiento disponible, los mejores restaurantes para cenar, exhibiciones actuales y m\u00e1s. Solo pregunta. [&hellip;]<\/p>\n","protected":false},"author":1,"featured_media":4797,"parent":3700,"menu_order":0,"comment_status":"closed","ping_status":"closed","template":"page-child.php","meta":{"_acf_changed":false,"footnotes":""},"class_list":["post-6242","page","type-page","status-publish","has-post-thumbnail","hentry"],"acf":[],"yoast_head":"<!-- This site is optimized with the Yoast SEO plugin v27.3 - https:\/\/yoast.com\/product\/yoast-seo-wordpress\/ -->\n<title>Informaci\u00f3n Tur\u00edstica<\/title>\n<meta name=\"robots\" content=\"index, follow, max-snippet:-1, max-image-preview:large, max-video-preview:-1\" \/>\n<link rel=\"canonical\" href=\"https:\/\/mivelezmalaga.com\/es\/vivir\/ayuntamiento\/informacion-turistica\/\" \/>\n<meta property=\"og:locale\" content=\"es_ES\" \/>\n<meta property=\"og:type\" content=\"article\" \/>\n<meta property=\"og:title\" content=\"Informaci\u00f3n Tur\u00edstica\" \/>\n<meta property=\"og:description\" content=\"\u00bfQuiere saber m\u00e1s sobre lo que est\u00e1 sucediendo en V\u00e9lez-M\u00e1laga pero no puede encontrar lo que necesita en l\u00ednea? Hay dos oficinas de informaci\u00f3n tur\u00edstica en V\u00e9lez-M\u00e1laga que tendr\u00e1n toda la informaci\u00f3n que necesita. Estas oficinas deben proporcionar conocimiento local experto sobre alojamiento disponible, los mejores restaurantes para cenar, exhibiciones actuales y m\u00e1s. Solo pregunta. [&hellip;]\" \/>\n<meta property=\"og:url\" content=\"https:\/\/mivelezmalaga.com\/es\/vivir\/ayuntamiento\/informacion-turistica\/\" \/>\n<meta property=\"og:site_name\" content=\"Mi Velez-Malaga\" \/>\n<meta property=\"article:publisher\" content=\"https:\/\/www.facebook.com\/mivelezmalaga\/\" \/>\n<meta property=\"article:modified_time\" content=\"2024-01-16T09:29:23+00:00\" \/>\n<meta property=\"og:image\" content=\"https:\/\/mivelezmalaga.com\/wp-content\/uploads\/2018\/02\/Tourist-train.jpg\" \/>\n\t<meta property=\"og:image:width\" content=\"1000\" \/>\n\t<meta property=\"og:image:height\" content=\"666\" \/>\n\t<meta property=\"og:image:type\" content=\"image\/jpeg\" \/>\n<meta name=\"twitter:card\" content=\"summary_large_image\" \/>\n<meta name=\"twitter:site\" content=\"@MiVelezMalaga\" \/>\n<meta name=\"twitter:label1\" content=\"Est. reading time\" \/>\n\t<meta name=\"twitter:data1\" content=\"2 minutes\" \/>\n<script type=\"application\/ld+json\" class=\"yoast-schema-graph\">{\"@context\":\"https:\\\/\\\/schema.org\",\"@graph\":[{\"@type\":\"WebPage\",\"@id\":\"https:\\\/\\\/mivelezmalaga.com\\\/es\\\/vivir\\\/ayuntamiento\\\/informacion-turistica\\\/\",\"url\":\"https:\\\/\\\/mivelezmalaga.com\\\/es\\\/vivir\\\/ayuntamiento\\\/informacion-turistica\\\/\",\"name\":\"Informaci\u00f3n Tur\u00edstica\",\"isPartOf\":{\"@id\":\"https:\\\/\\\/mivelezmalaga.com\\\/es\\\/#website\"},\"primaryImageOfPage\":{\"@id\":\"https:\\\/\\\/mivelezmalaga.com\\\/es\\\/vivir\\\/ayuntamiento\\\/informacion-turistica\\\/#primaryimage\"},\"image\":{\"@id\":\"https:\\\/\\\/mivelezmalaga.com\\\/es\\\/vivir\\\/ayuntamiento\\\/informacion-turistica\\\/#primaryimage\"},\"thumbnailUrl\":\"https:\\\/\\\/mivelezmalaga.com\\\/wp-content\\\/uploads\\\/2018\\\/02\\\/Tourist-train.jpg\",\"datePublished\":\"2019-10-31T09:42:35+00:00\",\"dateModified\":\"2024-01-16T09:29:23+00:00\",\"breadcrumb\":{\"@id\":\"https:\\\/\\\/mivelezmalaga.com\\\/es\\\/vivir\\\/ayuntamiento\\\/informacion-turistica\\\/#breadcrumb\"},\"inLanguage\":\"es-ES\",\"potentialAction\":[{\"@type\":\"ReadAction\",\"target\":[\"https:\\\/\\\/mivelezmalaga.com\\\/es\\\/vivir\\\/ayuntamiento\\\/informacion-turistica\\\/\"]}]},{\"@type\":\"ImageObject\",\"inLanguage\":\"es-ES\",\"@id\":\"https:\\\/\\\/mivelezmalaga.com\\\/es\\\/vivir\\\/ayuntamiento\\\/informacion-turistica\\\/#primaryimage\",\"url\":\"https:\\\/\\\/mivelezmalaga.com\\\/wp-content\\\/uploads\\\/2018\\\/02\\\/Tourist-train.jpg\",\"contentUrl\":\"https:\\\/\\\/mivelezmalaga.com\\\/wp-content\\\/uploads\\\/2018\\\/02\\\/Tourist-train.jpg\",\"width\":1000,\"height\":666},{\"@type\":\"BreadcrumbList\",\"@id\":\"https:\\\/\\\/mivelezmalaga.com\\\/es\\\/vivir\\\/ayuntamiento\\\/informacion-turistica\\\/#breadcrumb\",\"itemListElement\":[{\"@type\":\"ListItem\",\"position\":1,\"name\":\"Home\",\"item\":\"https:\\\/\\\/mivelezmalaga.com\\\/es\\\/\"},{\"@type\":\"ListItem\",\"position\":2,\"name\":\"Vivir\",\"item\":\"https:\\\/\\\/mivelezmalaga.com\\\/es\\\/vivir\\\/\"},{\"@type\":\"ListItem\",\"position\":3,\"name\":\"Ayuntamiento\",\"item\":\"https:\\\/\\\/mivelezmalaga.com\\\/es\\\/vivir\\\/ayuntamiento\\\/\"},{\"@type\":\"ListItem\",\"position\":4,\"name\":\"Informaci\u00f3n Tur\u00edstica\"}]},{\"@type\":\"WebSite\",\"@id\":\"https:\\\/\\\/mivelezmalaga.com\\\/es\\\/#website\",\"url\":\"https:\\\/\\\/mivelezmalaga.com\\\/es\\\/\",\"name\":\"Mi Velez-Malaga\",\"description\":\"Welcome to V\u00e9lez\",\"potentialAction\":[{\"@type\":\"SearchAction\",\"target\":{\"@type\":\"EntryPoint\",\"urlTemplate\":\"https:\\\/\\\/mivelezmalaga.com\\\/es\\\/?s={search_term_string}\"},\"query-input\":{\"@type\":\"PropertyValueSpecification\",\"valueRequired\":true,\"valueName\":\"search_term_string\"}}],\"inLanguage\":\"es-ES\"}]}<\/script>\n<!-- \/ Yoast SEO plugin. -->","yoast_head_json":{"title":"Informaci\u00f3n Tur\u00edstica","robots":{"index":"index","follow":"follow","max-snippet":"max-snippet:-1","max-image-preview":"max-image-preview:large","max-video-preview":"max-video-preview:-1"},"canonical":"https:\/\/mivelezmalaga.com\/es\/vivir\/ayuntamiento\/informacion-turistica\/","og_locale":"es_ES","og_type":"article","og_title":"Informaci\u00f3n Tur\u00edstica","og_description":"\u00bfQuiere saber m\u00e1s sobre lo que est\u00e1 sucediendo en V\u00e9lez-M\u00e1laga pero no puede encontrar lo que necesita en l\u00ednea? Hay dos oficinas de informaci\u00f3n tur\u00edstica en V\u00e9lez-M\u00e1laga que tendr\u00e1n toda la informaci\u00f3n que necesita. Estas oficinas deben proporcionar conocimiento local experto sobre alojamiento disponible, los mejores restaurantes para cenar, exhibiciones actuales y m\u00e1s. Solo pregunta. [&hellip;]","og_url":"https:\/\/mivelezmalaga.com\/es\/vivir\/ayuntamiento\/informacion-turistica\/","og_site_name":"Mi Velez-Malaga","article_publisher":"https:\/\/www.facebook.com\/mivelezmalaga\/","article_modified_time":"2024-01-16T09:29:23+00:00","og_image":[{"width":1000,"height":666,"url":"https:\/\/mivelezmalaga.com\/wp-content\/uploads\/2018\/02\/Tourist-train.jpg","type":"image\/jpeg"}],"twitter_card":"summary_large_image","twitter_site":"@MiVelezMalaga","twitter_misc":{"Est. reading time":"2 minutes"},"schema":{"@context":"https:\/\/schema.org","@graph":[{"@type":"WebPage","@id":"https:\/\/mivelezmalaga.com\/es\/vivir\/ayuntamiento\/informacion-turistica\/","url":"https:\/\/mivelezmalaga.com\/es\/vivir\/ayuntamiento\/informacion-turistica\/","name":"Informaci\u00f3n Tur\u00edstica","isPartOf":{"@id":"https:\/\/mivelezmalaga.com\/es\/#website"},"primaryImageOfPage":{"@id":"https:\/\/mivelezmalaga.com\/es\/vivir\/ayuntamiento\/informacion-turistica\/#primaryimage"},"image":{"@id":"https:\/\/mivelezmalaga.com\/es\/vivir\/ayuntamiento\/informacion-turistica\/#primaryimage"},"thumbnailUrl":"https:\/\/mivelezmalaga.com\/wp-content\/uploads\/2018\/02\/Tourist-train.jpg","datePublished":"2019-10-31T09:42:35+00:00","dateModified":"2024-01-16T09:29:23+00:00","breadcrumb":{"@id":"https:\/\/mivelezmalaga.com\/es\/vivir\/ayuntamiento\/informacion-turistica\/#breadcrumb"},"inLanguage":"es-ES","potentialAction":[{"@type":"ReadAction","target":["https:\/\/mivelezmalaga.com\/es\/vivir\/ayuntamiento\/informacion-turistica\/"]}]},{"@type":"ImageObject","inLanguage":"es-ES","@id":"https:\/\/mivelezmalaga.com\/es\/vivir\/ayuntamiento\/informacion-turistica\/#primaryimage","url":"https:\/\/mivelezmalaga.com\/wp-content\/uploads\/2018\/02\/Tourist-train.jpg","contentUrl":"https:\/\/mivelezmalaga.com\/wp-content\/uploads\/2018\/02\/Tourist-train.jpg","width":1000,"height":666},{"@type":"BreadcrumbList","@id":"https:\/\/mivelezmalaga.com\/es\/vivir\/ayuntamiento\/informacion-turistica\/#breadcrumb","itemListElement":[{"@type":"ListItem","position":1,"name":"Home","item":"https:\/\/mivelezmalaga.com\/es\/"},{"@type":"ListItem","position":2,"name":"Vivir","item":"https:\/\/mivelezmalaga.com\/es\/vivir\/"},{"@type":"ListItem","position":3,"name":"Ayuntamiento","item":"https:\/\/mivelezmalaga.com\/es\/vivir\/ayuntamiento\/"},{"@type":"ListItem","position":4,"name":"Informaci\u00f3n Tur\u00edstica"}]},{"@type":"WebSite","@id":"https:\/\/mivelezmalaga.com\/es\/#website","url":"https:\/\/mivelezmalaga.com\/es\/","name":"Mi Velez-Malaga","description":"Welcome to V\u00e9lez","potentialAction":[{"@type":"SearchAction","target":{"@type":"EntryPoint","urlTemplate":"https:\/\/mivelezmalaga.com\/es\/?s={search_term_string}"},"query-input":{"@type":"PropertyValueSpecification","valueRequired":true,"valueName":"search_term_string"}}],"inLanguage":"es-ES"}]}},"_links":{"self":[{"href":"https:\/\/mivelezmalaga.com\/es\/wp-json\/wp\/v2\/pages\/6242","targetHints":{"allow":["GET"]}}],"collection":[{"href":"https:\/\/mivelezmalaga.com\/es\/wp-json\/wp\/v2\/pages"}],"about":[{"href":"https:\/\/mivelezmalaga.com\/es\/wp-json\/wp\/v2\/types\/page"}],"author":[{"embeddable":true,"href":"https:\/\/mivelezmalaga.com\/es\/wp-json\/wp\/v2\/users\/1"}],"replies":[{"embeddable":true,"href":"https:\/\/mivelezmalaga.com\/es\/wp-json\/wp\/v2\/comments?post=6242"}],"version-history":[{"count":3,"href":"https:\/\/mivelezmalaga.com\/es\/wp-json\/wp\/v2\/pages\/6242\/revisions"}],"predecessor-version":[{"id":8445,"href":"https:\/\/mivelezmalaga.com\/es\/wp-json\/wp\/v2\/pages\/6242\/revisions\/8445"}],"up":[{"embeddable":true,"href":"https:\/\/mivelezmalaga.com\/es\/wp-json\/wp\/v2\/pages\/3700"}],"wp:featuredmedia":[{"embeddable":true,"href":"https:\/\/mivelezmalaga.com\/es\/wp-json\/wp\/v2\/media\/4797"}],"wp:attachment":[{"href":"https:\/\/mivelezmalaga.com\/es\/wp-json\/wp\/v2\/media?parent=6242"}],"curies":[{"name":"wp","href":"https:\/\/api.w.org\/{rel}","templated":true}]}}