{"id":6248,"date":"2019-10-31T10:54:12","date_gmt":"2019-10-31T09:54:12","guid":{"rendered":"https:\/\/mivelezmalaga.com\/?page_id=6248"},"modified":"2024-01-16T10:31:16","modified_gmt":"2024-01-16T09:31:16","slug":"oficina-de-urbanismo","status":"publish","type":"page","link":"https:\/\/mivelezmalaga.com\/es\/vivir\/ayuntamiento\/oficina-de-urbanismo\/","title":{"rendered":"Oficina de Urbanismo"},"content":{"rendered":"\n<h2 class=\"wp-block-heading\">Informaci\u00f3n sobre Urbanismo en V\u00e9lez-M\u00e1laga<\/h2>\n\n\n\n<p>Cada ciudad, pueblo y aldea considerable tiene sus propios departamentos de planificaci\u00f3n como parte de los servicios ofrecidos por el ayuntamiento. Si est\u00e1 tan enamorado de V\u00e9lez como nosotros y est\u00e1 buscando hacer que la mudanza sea permanente, o si ya vive aqu\u00ed y est\u00e1 buscando mejorar su hogar, entonces el departamento de planificaci\u00f3n es la persona adecuada para hablar. Es dif\u00edcil obtener asesoramiento general de los planificadores, por lo que, seg\u00fan sus necesidades, es posible que desee contar con la experiencia de un arquitecto que pueda guiarlo en todo el proceso.<\/p>\n\n\n\n<p>Obtener el permiso de planificaci\u00f3n lleva tiempo y es un proceso arduo en la mayor\u00eda de los pa\u00edses, sin embargo, aqu\u00ed en la provincia de M\u00e1laga, la oficina de Planificaci\u00f3n debe atender las solicitudes de manera oportuna.<\/p>\n\n\n\n<h3 class=\"wp-block-heading\">Oficina de Urbanismo<\/h3>\n\n\n\n<p>Solicite todas las licencias requeridas para establecer un negocio aqu\u00ed en V\u00e9lez, permisos de construcci\u00f3n, permisos para volver a ocupar edificios y toda la informaci\u00f3n general sobre edificios e infraestructura en la ciudad.<\/p>\n\n\n\n<p>Direcci\u00f3n: 5 Plaza de San Francisco. Tel: 952 00 22 32 (opci\u00f3n 1). Abierto: 08.30 &#8211; 13.30<\/p>\n\n\n\n<p>Para obtener una lista de arquitectos en V\u00e9lez-M\u00e1laga, aqu\u00ed est\u00e1 nuestra p\u00e1gina de listados de negocios. Alternativamente, si desea visitar Urbanismo (o Urbanismo), el aparcamiento m\u00e1s cercano est\u00e1 debajo del Mercado en la calle Arroyo de San Francisco.<\/p>\n","protected":false},"excerpt":{"rendered":"<p>Informaci\u00f3n sobre Urbanismo en V\u00e9lez-M\u00e1laga Cada ciudad, pueblo y aldea considerable tiene sus propios departamentos de planificaci\u00f3n como parte de los servicios ofrecidos por el ayuntamiento. Si est\u00e1 tan enamorado de V\u00e9lez como nosotros y est\u00e1 buscando hacer que la mudanza sea permanente, o si ya vive aqu\u00ed y est\u00e1 buscando mejorar su hogar, entonces [&hellip;]<\/p>\n","protected":false},"author":1,"featured_media":4436,"parent":3700,"menu_order":0,"comment_status":"closed","ping_status":"closed","template":"page-child.php","meta":{"_acf_changed":false,"footnotes":""},"class_list":["post-6248","page","type-page","status-publish","has-post-thumbnail","hentry"],"acf":[],"yoast_head":"<!-- This site is optimized with the Yoast SEO plugin v27.3 - https:\/\/yoast.com\/product\/yoast-seo-wordpress\/ -->\n<title>Oficina de Urbanismo<\/title>\n<meta name=\"robots\" content=\"index, follow, max-snippet:-1, max-image-preview:large, max-video-preview:-1\" \/>\n<link rel=\"canonical\" href=\"https:\/\/mivelezmalaga.com\/es\/vivir\/ayuntamiento\/oficina-de-urbanismo\/\" \/>\n<meta property=\"og:locale\" content=\"es_ES\" \/>\n<meta property=\"og:type\" content=\"article\" \/>\n<meta property=\"og:title\" content=\"Oficina de Urbanismo\" \/>\n<meta property=\"og:description\" content=\"Informaci\u00f3n sobre Urbanismo en V\u00e9lez-M\u00e1laga Cada ciudad, pueblo y aldea considerable tiene sus propios departamentos de planificaci\u00f3n como parte de los servicios ofrecidos por el ayuntamiento. Si est\u00e1 tan enamorado de V\u00e9lez como nosotros y est\u00e1 buscando hacer que la mudanza sea permanente, o si ya vive aqu\u00ed y est\u00e1 buscando mejorar su hogar, entonces [&hellip;]\" \/>\n<meta property=\"og:url\" content=\"https:\/\/mivelezmalaga.com\/es\/vivir\/ayuntamiento\/oficina-de-urbanismo\/\" \/>\n<meta property=\"og:site_name\" content=\"Mi Velez-Malaga\" \/>\n<meta property=\"article:publisher\" content=\"https:\/\/www.facebook.com\/mivelezmalaga\/\" \/>\n<meta property=\"article:modified_time\" content=\"2024-01-16T09:31:16+00:00\" \/>\n<meta property=\"og:image\" content=\"https:\/\/mivelezmalaga.com\/wp-content\/uploads\/2017\/02\/town-planning-hero-image.jpg\" \/>\n\t<meta property=\"og:image:width\" content=\"1600\" \/>\n\t<meta property=\"og:image:height\" content=\"834\" \/>\n\t<meta property=\"og:image:type\" content=\"image\/jpeg\" \/>\n<meta name=\"twitter:card\" content=\"summary_large_image\" \/>\n<meta name=\"twitter:site\" content=\"@MiVelezMalaga\" \/>\n<meta name=\"twitter:label1\" content=\"Est. reading time\" \/>\n\t<meta name=\"twitter:data1\" content=\"2 minutes\" \/>\n<script type=\"application\/ld+json\" class=\"yoast-schema-graph\">{\"@context\":\"https:\\\/\\\/schema.org\",\"@graph\":[{\"@type\":\"WebPage\",\"@id\":\"https:\\\/\\\/mivelezmalaga.com\\\/es\\\/vivir\\\/ayuntamiento\\\/oficina-de-urbanismo\\\/\",\"url\":\"https:\\\/\\\/mivelezmalaga.com\\\/es\\\/vivir\\\/ayuntamiento\\\/oficina-de-urbanismo\\\/\",\"name\":\"Oficina de Urbanismo\",\"isPartOf\":{\"@id\":\"https:\\\/\\\/mivelezmalaga.com\\\/es\\\/#website\"},\"primaryImageOfPage\":{\"@id\":\"https:\\\/\\\/mivelezmalaga.com\\\/es\\\/vivir\\\/ayuntamiento\\\/oficina-de-urbanismo\\\/#primaryimage\"},\"image\":{\"@id\":\"https:\\\/\\\/mivelezmalaga.com\\\/es\\\/vivir\\\/ayuntamiento\\\/oficina-de-urbanismo\\\/#primaryimage\"},\"thumbnailUrl\":\"https:\\\/\\\/mivelezmalaga.com\\\/wp-content\\\/uploads\\\/2017\\\/02\\\/town-planning-hero-image.jpg\",\"datePublished\":\"2019-10-31T09:54:12+00:00\",\"dateModified\":\"2024-01-16T09:31:16+00:00\",\"breadcrumb\":{\"@id\":\"https:\\\/\\\/mivelezmalaga.com\\\/es\\\/vivir\\\/ayuntamiento\\\/oficina-de-urbanismo\\\/#breadcrumb\"},\"inLanguage\":\"es-ES\",\"potentialAction\":[{\"@type\":\"ReadAction\",\"target\":[\"https:\\\/\\\/mivelezmalaga.com\\\/es\\\/vivir\\\/ayuntamiento\\\/oficina-de-urbanismo\\\/\"]}]},{\"@type\":\"ImageObject\",\"inLanguage\":\"es-ES\",\"@id\":\"https:\\\/\\\/mivelezmalaga.com\\\/es\\\/vivir\\\/ayuntamiento\\\/oficina-de-urbanismo\\\/#primaryimage\",\"url\":\"https:\\\/\\\/mivelezmalaga.com\\\/wp-content\\\/uploads\\\/2017\\\/02\\\/town-planning-hero-image.jpg\",\"contentUrl\":\"https:\\\/\\\/mivelezmalaga.com\\\/wp-content\\\/uploads\\\/2017\\\/02\\\/town-planning-hero-image.jpg\",\"width\":1600,\"height\":834},{\"@type\":\"BreadcrumbList\",\"@id\":\"https:\\\/\\\/mivelezmalaga.com\\\/es\\\/vivir\\\/ayuntamiento\\\/oficina-de-urbanismo\\\/#breadcrumb\",\"itemListElement\":[{\"@type\":\"ListItem\",\"position\":1,\"name\":\"Home\",\"item\":\"https:\\\/\\\/mivelezmalaga.com\\\/es\\\/\"},{\"@type\":\"ListItem\",\"position\":2,\"name\":\"Vivir\",\"item\":\"https:\\\/\\\/mivelezmalaga.com\\\/es\\\/vivir\\\/\"},{\"@type\":\"ListItem\",\"position\":3,\"name\":\"Ayuntamiento\",\"item\":\"https:\\\/\\\/mivelezmalaga.com\\\/es\\\/vivir\\\/ayuntamiento\\\/\"},{\"@type\":\"ListItem\",\"position\":4,\"name\":\"Oficina de Urbanismo\"}]},{\"@type\":\"WebSite\",\"@id\":\"https:\\\/\\\/mivelezmalaga.com\\\/es\\\/#website\",\"url\":\"https:\\\/\\\/mivelezmalaga.com\\\/es\\\/\",\"name\":\"Mi Velez-Malaga\",\"description\":\"Welcome to V\u00e9lez\",\"potentialAction\":[{\"@type\":\"SearchAction\",\"target\":{\"@type\":\"EntryPoint\",\"urlTemplate\":\"https:\\\/\\\/mivelezmalaga.com\\\/es\\\/?s={search_term_string}\"},\"query-input\":{\"@type\":\"PropertyValueSpecification\",\"valueRequired\":true,\"valueName\":\"search_term_string\"}}],\"inLanguage\":\"es-ES\"}]}<\/script>\n<!-- \/ Yoast SEO plugin. -->","yoast_head_json":{"title":"Oficina de Urbanismo","robots":{"index":"index","follow":"follow","max-snippet":"max-snippet:-1","max-image-preview":"max-image-preview:large","max-video-preview":"max-video-preview:-1"},"canonical":"https:\/\/mivelezmalaga.com\/es\/vivir\/ayuntamiento\/oficina-de-urbanismo\/","og_locale":"es_ES","og_type":"article","og_title":"Oficina de Urbanismo","og_description":"Informaci\u00f3n sobre Urbanismo en V\u00e9lez-M\u00e1laga Cada ciudad, pueblo y aldea considerable tiene sus propios departamentos de planificaci\u00f3n como parte de los servicios ofrecidos por el ayuntamiento. Si est\u00e1 tan enamorado de V\u00e9lez como nosotros y est\u00e1 buscando hacer que la mudanza sea permanente, o si ya vive aqu\u00ed y est\u00e1 buscando mejorar su hogar, entonces [&hellip;]","og_url":"https:\/\/mivelezmalaga.com\/es\/vivir\/ayuntamiento\/oficina-de-urbanismo\/","og_site_name":"Mi Velez-Malaga","article_publisher":"https:\/\/www.facebook.com\/mivelezmalaga\/","article_modified_time":"2024-01-16T09:31:16+00:00","og_image":[{"width":1600,"height":834,"url":"https:\/\/mivelezmalaga.com\/wp-content\/uploads\/2017\/02\/town-planning-hero-image.jpg","type":"image\/jpeg"}],"twitter_card":"summary_large_image","twitter_site":"@MiVelezMalaga","twitter_misc":{"Est. reading time":"2 minutes"},"schema":{"@context":"https:\/\/schema.org","@graph":[{"@type":"WebPage","@id":"https:\/\/mivelezmalaga.com\/es\/vivir\/ayuntamiento\/oficina-de-urbanismo\/","url":"https:\/\/mivelezmalaga.com\/es\/vivir\/ayuntamiento\/oficina-de-urbanismo\/","name":"Oficina de Urbanismo","isPartOf":{"@id":"https:\/\/mivelezmalaga.com\/es\/#website"},"primaryImageOfPage":{"@id":"https:\/\/mivelezmalaga.com\/es\/vivir\/ayuntamiento\/oficina-de-urbanismo\/#primaryimage"},"image":{"@id":"https:\/\/mivelezmalaga.com\/es\/vivir\/ayuntamiento\/oficina-de-urbanismo\/#primaryimage"},"thumbnailUrl":"https:\/\/mivelezmalaga.com\/wp-content\/uploads\/2017\/02\/town-planning-hero-image.jpg","datePublished":"2019-10-31T09:54:12+00:00","dateModified":"2024-01-16T09:31:16+00:00","breadcrumb":{"@id":"https:\/\/mivelezmalaga.com\/es\/vivir\/ayuntamiento\/oficina-de-urbanismo\/#breadcrumb"},"inLanguage":"es-ES","potentialAction":[{"@type":"ReadAction","target":["https:\/\/mivelezmalaga.com\/es\/vivir\/ayuntamiento\/oficina-de-urbanismo\/"]}]},{"@type":"ImageObject","inLanguage":"es-ES","@id":"https:\/\/mivelezmalaga.com\/es\/vivir\/ayuntamiento\/oficina-de-urbanismo\/#primaryimage","url":"https:\/\/mivelezmalaga.com\/wp-content\/uploads\/2017\/02\/town-planning-hero-image.jpg","contentUrl":"https:\/\/mivelezmalaga.com\/wp-content\/uploads\/2017\/02\/town-planning-hero-image.jpg","width":1600,"height":834},{"@type":"BreadcrumbList","@id":"https:\/\/mivelezmalaga.com\/es\/vivir\/ayuntamiento\/oficina-de-urbanismo\/#breadcrumb","itemListElement":[{"@type":"ListItem","position":1,"name":"Home","item":"https:\/\/mivelezmalaga.com\/es\/"},{"@type":"ListItem","position":2,"name":"Vivir","item":"https:\/\/mivelezmalaga.com\/es\/vivir\/"},{"@type":"ListItem","position":3,"name":"Ayuntamiento","item":"https:\/\/mivelezmalaga.com\/es\/vivir\/ayuntamiento\/"},{"@type":"ListItem","position":4,"name":"Oficina de Urbanismo"}]},{"@type":"WebSite","@id":"https:\/\/mivelezmalaga.com\/es\/#website","url":"https:\/\/mivelezmalaga.com\/es\/","name":"Mi Velez-Malaga","description":"Welcome to V\u00e9lez","potentialAction":[{"@type":"SearchAction","target":{"@type":"EntryPoint","urlTemplate":"https:\/\/mivelezmalaga.com\/es\/?s={search_term_string}"},"query-input":{"@type":"PropertyValueSpecification","valueRequired":true,"valueName":"search_term_string"}}],"inLanguage":"es-ES"}]}},"_links":{"self":[{"href":"https:\/\/mivelezmalaga.com\/es\/wp-json\/wp\/v2\/pages\/6248","targetHints":{"allow":["GET"]}}],"collection":[{"href":"https:\/\/mivelezmalaga.com\/es\/wp-json\/wp\/v2\/pages"}],"about":[{"href":"https:\/\/mivelezmalaga.com\/es\/wp-json\/wp\/v2\/types\/page"}],"author":[{"embeddable":true,"href":"https:\/\/mivelezmalaga.com\/es\/wp-json\/wp\/v2\/users\/1"}],"replies":[{"embeddable":true,"href":"https:\/\/mivelezmalaga.com\/es\/wp-json\/wp\/v2\/comments?post=6248"}],"version-history":[{"count":3,"href":"https:\/\/mivelezmalaga.com\/es\/wp-json\/wp\/v2\/pages\/6248\/revisions"}],"predecessor-version":[{"id":8449,"href":"https:\/\/mivelezmalaga.com\/es\/wp-json\/wp\/v2\/pages\/6248\/revisions\/8449"}],"up":[{"embeddable":true,"href":"https:\/\/mivelezmalaga.com\/es\/wp-json\/wp\/v2\/pages\/3700"}],"wp:featuredmedia":[{"embeddable":true,"href":"https:\/\/mivelezmalaga.com\/es\/wp-json\/wp\/v2\/media\/4436"}],"wp:attachment":[{"href":"https:\/\/mivelezmalaga.com\/es\/wp-json\/wp\/v2\/media?parent=6248"}],"curies":[{"name":"wp","href":"https:\/\/api.w.org\/{rel}","templated":true}]}}