{"id":6870,"date":"2020-06-11T11:36:22","date_gmt":"2020-06-11T09:36:22","guid":{"rendered":"https:\/\/mivelezmalaga.com\/?page_id=6870"},"modified":"2024-01-16T10:25:26","modified_gmt":"2024-01-16T09:25:26","slug":"tiendas-boutique","status":"publish","type":"page","link":"https:\/\/mivelezmalaga.com\/es\/tiendas-y-negocios\/tiendas-boutique\/","title":{"rendered":"Tiendas Boutique"},"content":{"rendered":"\n<p>Nos encanta hacer compras locales y apoyar a las peque\u00f1as empresas siempre que podemos. V\u00e9lez-M\u00e1laga tiene algunos productos hermosos en sus tiendas boutique, ya sea para usted, sus hijos o el hogar.<\/p>\n","protected":false},"excerpt":{"rendered":"<p>Nos encanta hacer compras locales y apoyar a las peque\u00f1as empresas siempre que podemos. V\u00e9lez-M\u00e1laga tiene algunos productos hermosos en sus tiendas boutique, ya sea para usted, sus hijos o el hogar.<\/p>\n","protected":false},"author":2,"featured_media":4624,"parent":3678,"menu_order":0,"comment_status":"closed","ping_status":"closed","template":"page-businesses.php","meta":{"_acf_changed":false,"footnotes":""},"class_list":["post-6870","page","type-page","status-publish","has-post-thumbnail","hentry"],"acf":[],"yoast_head":"<!-- This site is optimized with the Yoast SEO plugin v27.3 - https:\/\/yoast.com\/product\/yoast-seo-wordpress\/ -->\n<title>Una gu\u00eda para las mejores empresas y tiendas en V\u00e9lez-M\u00e1laga<\/title>\n<meta name=\"description\" content=\"\u00bfNecesita hacer algo o encontrar un negocio en particular en Velez? No busques m\u00e1s. Echa un vistazo a nuestra gu\u00eda completa y encontrar exactamente lo que est\u00e1s buscando.\" \/>\n<meta name=\"robots\" content=\"index, follow, max-snippet:-1, max-image-preview:large, max-video-preview:-1\" \/>\n<link rel=\"canonical\" href=\"https:\/\/mivelezmalaga.com\/es\/tiendas-y-negocios\/tiendas-boutique\/\" \/>\n<meta property=\"og:locale\" content=\"es_ES\" \/>\n<meta property=\"og:type\" content=\"article\" \/>\n<meta property=\"og:title\" content=\"Una gu\u00eda para las mejores empresas y tiendas en V\u00e9lez-M\u00e1laga\" \/>\n<meta property=\"og:description\" content=\"\u00bfNecesita hacer algo o encontrar un negocio en particular en Velez? No busques m\u00e1s. Echa un vistazo a nuestra gu\u00eda completa y encontrar exactamente lo que est\u00e1s buscando.\" \/>\n<meta property=\"og:url\" content=\"https:\/\/mivelezmalaga.com\/es\/tiendas-y-negocios\/tiendas-boutique\/\" \/>\n<meta property=\"og:site_name\" content=\"Mi Velez-Malaga\" \/>\n<meta property=\"article:publisher\" content=\"https:\/\/www.facebook.com\/mivelezmalaga\/\" \/>\n<meta property=\"article:modified_time\" content=\"2024-01-16T09:25:26+00:00\" \/>\n<meta property=\"og:image\" content=\"https:\/\/mivelezmalaga.com\/wp-content\/uploads\/2017\/02\/Matices-e1591812480683.jpg\" \/>\n\t<meta property=\"og:image:width\" content=\"400\" \/>\n\t<meta property=\"og:image:height\" content=\"203\" \/>\n\t<meta property=\"og:image:type\" content=\"image\/jpeg\" \/>\n<meta name=\"twitter:card\" content=\"summary_large_image\" \/>\n<meta name=\"twitter:site\" content=\"@MiVelezMalaga\" \/>\n<meta name=\"twitter:label1\" content=\"Est. reading time\" \/>\n\t<meta name=\"twitter:data1\" content=\"2 minutes\" \/>\n<script type=\"application\/ld+json\" class=\"yoast-schema-graph\">{\"@context\":\"https:\\\/\\\/schema.org\",\"@graph\":[{\"@type\":\"WebPage\",\"@id\":\"https:\\\/\\\/mivelezmalaga.com\\\/es\\\/tiendas-y-negocios\\\/tiendas-boutique\\\/\",\"url\":\"https:\\\/\\\/mivelezmalaga.com\\\/es\\\/tiendas-y-negocios\\\/tiendas-boutique\\\/\",\"name\":\"Una gu\u00eda para las mejores empresas y tiendas en V\u00e9lez-M\u00e1laga\",\"isPartOf\":{\"@id\":\"https:\\\/\\\/mivelezmalaga.com\\\/es\\\/#website\"},\"primaryImageOfPage\":{\"@id\":\"https:\\\/\\\/mivelezmalaga.com\\\/es\\\/tiendas-y-negocios\\\/tiendas-boutique\\\/#primaryimage\"},\"image\":{\"@id\":\"https:\\\/\\\/mivelezmalaga.com\\\/es\\\/tiendas-y-negocios\\\/tiendas-boutique\\\/#primaryimage\"},\"thumbnailUrl\":\"https:\\\/\\\/mivelezmalaga.com\\\/wp-content\\\/uploads\\\/2017\\\/02\\\/Matices-e1591812480683.jpg\",\"datePublished\":\"2020-06-11T09:36:22+00:00\",\"dateModified\":\"2024-01-16T09:25:26+00:00\",\"description\":\"\u00bfNecesita hacer algo o encontrar un negocio en particular en Velez? No busques m\u00e1s. Echa un vistazo a nuestra gu\u00eda completa y encontrar exactamente lo que est\u00e1s buscando.\",\"breadcrumb\":{\"@id\":\"https:\\\/\\\/mivelezmalaga.com\\\/es\\\/tiendas-y-negocios\\\/tiendas-boutique\\\/#breadcrumb\"},\"inLanguage\":\"es-ES\",\"potentialAction\":[{\"@type\":\"ReadAction\",\"target\":[\"https:\\\/\\\/mivelezmalaga.com\\\/es\\\/tiendas-y-negocios\\\/tiendas-boutique\\\/\"]}]},{\"@type\":\"ImageObject\",\"inLanguage\":\"es-ES\",\"@id\":\"https:\\\/\\\/mivelezmalaga.com\\\/es\\\/tiendas-y-negocios\\\/tiendas-boutique\\\/#primaryimage\",\"url\":\"https:\\\/\\\/mivelezmalaga.com\\\/wp-content\\\/uploads\\\/2017\\\/02\\\/Matices-e1591812480683.jpg\",\"contentUrl\":\"https:\\\/\\\/mivelezmalaga.com\\\/wp-content\\\/uploads\\\/2017\\\/02\\\/Matices-e1591812480683.jpg\",\"width\":400,\"height\":203,\"caption\":\"Matices Boutique\"},{\"@type\":\"BreadcrumbList\",\"@id\":\"https:\\\/\\\/mivelezmalaga.com\\\/es\\\/tiendas-y-negocios\\\/tiendas-boutique\\\/#breadcrumb\",\"itemListElement\":[{\"@type\":\"ListItem\",\"position\":1,\"name\":\"Home\",\"item\":\"https:\\\/\\\/mivelezmalaga.com\\\/es\\\/\"},{\"@type\":\"ListItem\",\"position\":2,\"name\":\"Tiendas y negocios\",\"item\":\"https:\\\/\\\/mivelezmalaga.com\\\/es\\\/tiendas-y-negocios\\\/\"},{\"@type\":\"ListItem\",\"position\":3,\"name\":\"Tiendas Boutique\"}]},{\"@type\":\"WebSite\",\"@id\":\"https:\\\/\\\/mivelezmalaga.com\\\/es\\\/#website\",\"url\":\"https:\\\/\\\/mivelezmalaga.com\\\/es\\\/\",\"name\":\"Mi Velez-Malaga\",\"description\":\"Welcome to V\u00e9lez\",\"potentialAction\":[{\"@type\":\"SearchAction\",\"target\":{\"@type\":\"EntryPoint\",\"urlTemplate\":\"https:\\\/\\\/mivelezmalaga.com\\\/es\\\/?s={search_term_string}\"},\"query-input\":{\"@type\":\"PropertyValueSpecification\",\"valueRequired\":true,\"valueName\":\"search_term_string\"}}],\"inLanguage\":\"es-ES\"}]}<\/script>\n<!-- \/ Yoast SEO plugin. -->","yoast_head_json":{"title":"Una gu\u00eda para las mejores empresas y tiendas en V\u00e9lez-M\u00e1laga","description":"\u00bfNecesita hacer algo o encontrar un negocio en particular en Velez? No busques m\u00e1s. Echa un vistazo a nuestra gu\u00eda completa y encontrar exactamente lo que est\u00e1s buscando.","robots":{"index":"index","follow":"follow","max-snippet":"max-snippet:-1","max-image-preview":"max-image-preview:large","max-video-preview":"max-video-preview:-1"},"canonical":"https:\/\/mivelezmalaga.com\/es\/tiendas-y-negocios\/tiendas-boutique\/","og_locale":"es_ES","og_type":"article","og_title":"Una gu\u00eda para las mejores empresas y tiendas en V\u00e9lez-M\u00e1laga","og_description":"\u00bfNecesita hacer algo o encontrar un negocio en particular en Velez? No busques m\u00e1s. Echa un vistazo a nuestra gu\u00eda completa y encontrar exactamente lo que est\u00e1s buscando.","og_url":"https:\/\/mivelezmalaga.com\/es\/tiendas-y-negocios\/tiendas-boutique\/","og_site_name":"Mi Velez-Malaga","article_publisher":"https:\/\/www.facebook.com\/mivelezmalaga\/","article_modified_time":"2024-01-16T09:25:26+00:00","og_image":[{"width":400,"height":203,"url":"https:\/\/mivelezmalaga.com\/wp-content\/uploads\/2017\/02\/Matices-e1591812480683.jpg","type":"image\/jpeg"}],"twitter_card":"summary_large_image","twitter_site":"@MiVelezMalaga","twitter_misc":{"Est. reading time":"2 minutes"},"schema":{"@context":"https:\/\/schema.org","@graph":[{"@type":"WebPage","@id":"https:\/\/mivelezmalaga.com\/es\/tiendas-y-negocios\/tiendas-boutique\/","url":"https:\/\/mivelezmalaga.com\/es\/tiendas-y-negocios\/tiendas-boutique\/","name":"Una gu\u00eda para las mejores empresas y tiendas en V\u00e9lez-M\u00e1laga","isPartOf":{"@id":"https:\/\/mivelezmalaga.com\/es\/#website"},"primaryImageOfPage":{"@id":"https:\/\/mivelezmalaga.com\/es\/tiendas-y-negocios\/tiendas-boutique\/#primaryimage"},"image":{"@id":"https:\/\/mivelezmalaga.com\/es\/tiendas-y-negocios\/tiendas-boutique\/#primaryimage"},"thumbnailUrl":"https:\/\/mivelezmalaga.com\/wp-content\/uploads\/2017\/02\/Matices-e1591812480683.jpg","datePublished":"2020-06-11T09:36:22+00:00","dateModified":"2024-01-16T09:25:26+00:00","description":"\u00bfNecesita hacer algo o encontrar un negocio en particular en Velez? No busques m\u00e1s. Echa un vistazo a nuestra gu\u00eda completa y encontrar exactamente lo que est\u00e1s buscando.","breadcrumb":{"@id":"https:\/\/mivelezmalaga.com\/es\/tiendas-y-negocios\/tiendas-boutique\/#breadcrumb"},"inLanguage":"es-ES","potentialAction":[{"@type":"ReadAction","target":["https:\/\/mivelezmalaga.com\/es\/tiendas-y-negocios\/tiendas-boutique\/"]}]},{"@type":"ImageObject","inLanguage":"es-ES","@id":"https:\/\/mivelezmalaga.com\/es\/tiendas-y-negocios\/tiendas-boutique\/#primaryimage","url":"https:\/\/mivelezmalaga.com\/wp-content\/uploads\/2017\/02\/Matices-e1591812480683.jpg","contentUrl":"https:\/\/mivelezmalaga.com\/wp-content\/uploads\/2017\/02\/Matices-e1591812480683.jpg","width":400,"height":203,"caption":"Matices Boutique"},{"@type":"BreadcrumbList","@id":"https:\/\/mivelezmalaga.com\/es\/tiendas-y-negocios\/tiendas-boutique\/#breadcrumb","itemListElement":[{"@type":"ListItem","position":1,"name":"Home","item":"https:\/\/mivelezmalaga.com\/es\/"},{"@type":"ListItem","position":2,"name":"Tiendas y negocios","item":"https:\/\/mivelezmalaga.com\/es\/tiendas-y-negocios\/"},{"@type":"ListItem","position":3,"name":"Tiendas Boutique"}]},{"@type":"WebSite","@id":"https:\/\/mivelezmalaga.com\/es\/#website","url":"https:\/\/mivelezmalaga.com\/es\/","name":"Mi Velez-Malaga","description":"Welcome to V\u00e9lez","potentialAction":[{"@type":"SearchAction","target":{"@type":"EntryPoint","urlTemplate":"https:\/\/mivelezmalaga.com\/es\/?s={search_term_string}"},"query-input":{"@type":"PropertyValueSpecification","valueRequired":true,"valueName":"search_term_string"}}],"inLanguage":"es-ES"}]}},"_links":{"self":[{"href":"https:\/\/mivelezmalaga.com\/es\/wp-json\/wp\/v2\/pages\/6870","targetHints":{"allow":["GET"]}}],"collection":[{"href":"https:\/\/mivelezmalaga.com\/es\/wp-json\/wp\/v2\/pages"}],"about":[{"href":"https:\/\/mivelezmalaga.com\/es\/wp-json\/wp\/v2\/types\/page"}],"author":[{"embeddable":true,"href":"https:\/\/mivelezmalaga.com\/es\/wp-json\/wp\/v2\/users\/2"}],"replies":[{"embeddable":true,"href":"https:\/\/mivelezmalaga.com\/es\/wp-json\/wp\/v2\/comments?post=6870"}],"version-history":[{"count":8,"href":"https:\/\/mivelezmalaga.com\/es\/wp-json\/wp\/v2\/pages\/6870\/revisions"}],"predecessor-version":[{"id":8432,"href":"https:\/\/mivelezmalaga.com\/es\/wp-json\/wp\/v2\/pages\/6870\/revisions\/8432"}],"up":[{"embeddable":true,"href":"https:\/\/mivelezmalaga.com\/es\/wp-json\/wp\/v2\/pages\/3678"}],"wp:featuredmedia":[{"embeddable":true,"href":"https:\/\/mivelezmalaga.com\/es\/wp-json\/wp\/v2\/media\/4624"}],"wp:attachment":[{"href":"https:\/\/mivelezmalaga.com\/es\/wp-json\/wp\/v2\/media?parent=6870"}],"curies":[{"name":"wp","href":"https:\/\/api.w.org\/{rel}","templated":true}]}}